{"id":9717,"date":"2024-01-03T13:30:41","date_gmt":"2024-01-03T13:30:41","guid":{"rendered":"https:\/\/gymspro.co.uk\/?post_type=product&#038;p=9717"},"modified":"2026-02-16T14:50:58","modified_gmt":"2026-02-16T14:50:58","slug":"bodytone-dt14-treadmill","status":"publish","type":"product","link":"https:\/\/gymspro.co.uk\/index.php\/product\/bodytone-dt14-treadmill\/","title":{"rendered":"Bodytone DT14 Treadmill"},"content":{"rendered":"<h3>About This Product<\/h3>\n<p><strong><span data-sheets-value=\"{&quot;1&quot;:2,&quot;2&quot;:&quot;Disfruta del running en casa con la cinta de correr DT-14 de BODYTONE HOME. Esta cinta de correr tiene una gran cantidad de funcionalidades con las que maximizar\u00e1s tus entrenamientos gracias a la ingenier\u00eda de las cintas de correr profesionales. DT-14 es la cinta de correr que mejor combina las m\u00e1ximas prestaciones con un atractivo dise\u00f1o. Maximiza tu entrenamiento cardiovascular y disfruta de todos sus beneficios con nuestra cinta de correr.\\n\\nBODYTONE DT-14 es una cinta de correr con aproximadamente 2 caballos. Cuenta con una grandisima superficie de carrera y pantalla LED con bluetooth incorporado. Otras funcionalidades son:\\n\u2022 Dise\u00f1o y tecnolog\u00eda exclusivos BODYTONE, desde 1996\\n\u2022 Alta calidad en su acabado y materiales\\n\u2022 Sistema Plug&amp;Train\u00ae: maquina pre-montada\\n\u2022 Potente motor con una potencia aprox de 2.0 HP DC\\n\u2022 Velocidad max. aprox de 14 km\/h y 2 niveles de inclinaci\u00f3n manual\\n\u2022 Superficie de carrera extra ancha (130*45 cm ).\\n\u2022 BODYTONE AUTOLUBRICATE BELT\u00ae. Tapiz anti-est\u00e1tico que elimina las molestas peque\u00f1as descargas el\u00e9ctricas en el cuerpo y autolubricado que evita da\u00f1os irreparables en el motor.\\n\u2022 Tecnolog\u00eda de amortiguacion REACT\u00ae: se adapta a cada tipo de zancada\\n\u2022 Pantalla LED minimalista super equipada.\\n\u2022 Sensores incorporados de frecuencia card\u00edaca. \\n\u2022 Conexi\u00f3n MP3 pour bluetooth y Altavoces integrados High Definition.\\n\u2022 Porta-botellas.\\n\u2022 Ruedas de transporte para moverlo con facilidad en su hogar.\\n\u2022 Ruedas de nivelaci\u00f3n delanteras para facilitar el ajuste de la m\u00e1quina al suelo.\\n\u2022 Sistema SPACE-SAVE: plegado automatico mediante cilindro hidraulico proporcionando un ahorro de espacio del 40%\\n&quot;}\" data-sheets-userformat=\"{&quot;2&quot;:14844,&quot;5&quot;:{&quot;1&quot;:[{&quot;1&quot;:2,&quot;2&quot;:0,&quot;5&quot;:[null,2,0]},{&quot;1&quot;:0,&quot;2&quot;:0,&quot;3&quot;:3},{&quot;1&quot;:1,&quot;2&quot;:0,&quot;4&quot;:1}]},&quot;6&quot;:{&quot;1&quot;:[{&quot;1&quot;:2,&quot;2&quot;:0,&quot;5&quot;:[null,2,0]},{&quot;1&quot;:0,&quot;2&quot;:0,&quot;3&quot;:3},{&quot;1&quot;:1,&quot;2&quot;:0,&quot;4&quot;:1}]},&quot;7&quot;:{&quot;1&quot;:[{&quot;1&quot;:2,&quot;2&quot;:0,&quot;5&quot;:[null,2,0]},{&quot;1&quot;:0,&quot;2&quot;:0,&quot;3&quot;:3},{&quot;1&quot;:1,&quot;2&quot;:0,&quot;4&quot;:1}]},&quot;8&quot;:{&quot;1&quot;:[{&quot;1&quot;:2,&quot;2&quot;:0,&quot;5&quot;:[null,2,0]},{&quot;1&quot;:0,&quot;2&quot;:0,&quot;3&quot;:3},{&quot;1&quot;:1,&quot;2&quot;:0,&quot;4&quot;:1}]},&quot;9&quot;:0,&quot;10&quot;:1,&quot;11&quot;:4,&quot;14&quot;:[null,2,0],&quot;15&quot;:&quot;Calibri&quot;,&quot;16&quot;:11}\">DETAILS:<\/span><\/strong><strong><span data-sheets-value=\"{&quot;1&quot;:2,&quot;2&quot;:&quot;Disfruta del running en casa con la cinta de correr DT-14 de BODYTONE HOME. Esta cinta de correr tiene una gran cantidad de funcionalidades con las que maximizar\u00e1s tus entrenamientos gracias a la ingenier\u00eda de las cintas de correr profesionales. DT-14 es la cinta de correr que mejor combina las m\u00e1ximas prestaciones con un atractivo dise\u00f1o. Maximiza tu entrenamiento cardiovascular y disfruta de todos sus beneficios con nuestra cinta de correr.\\n\\nBODYTONE DT-14 es una cinta de correr con aproximadamente 2 caballos. Cuenta con una grandisima superficie de carrera y pantalla LED con bluetooth incorporado. Otras funcionalidades son:\\n\u2022 Dise\u00f1o y tecnolog\u00eda exclusivos BODYTONE, desde 1996\\n\u2022 Alta calidad en su acabado y materiales\\n\u2022 Sistema Plug&amp;Train\u00ae: maquina pre-montada\\n\u2022 Potente motor con una potencia aprox de 2.0 HP DC\\n\u2022 Velocidad max. aprox de 14 km\/h y 2 niveles de inclinaci\u00f3n manual\\n\u2022 Superficie de carrera extra ancha (130*45 cm ).\\n\u2022 BODYTONE AUTOLUBRICATE BELT\u00ae. Tapiz anti-est\u00e1tico que elimina las molestas peque\u00f1as descargas el\u00e9ctricas en el cuerpo y autolubricado que evita da\u00f1os irreparables en el motor.\\n\u2022 Tecnolog\u00eda de amortiguacion REACT\u00ae: se adapta a cada tipo de zancada\\n\u2022 Pantalla LED minimalista super equipada.\\n\u2022 Sensores incorporados de frecuencia card\u00edaca. \\n\u2022 Conexi\u00f3n MP3 pour bluetooth y Altavoces integrados High Definition.\\n\u2022 Porta-botellas.\\n\u2022 Ruedas de transporte para moverlo con facilidad en su hogar.\\n\u2022 Ruedas de nivelaci\u00f3n delanteras para facilitar el ajuste de la m\u00e1quina al suelo.\\n\u2022 Sistema SPACE-SAVE: plegado automatico mediante cilindro hidraulico proporcionando un ahorro de espacio del 40%\\n&quot;}\" data-sheets-userformat=\"{&quot;2&quot;:14844,&quot;5&quot;:{&quot;1&quot;:[{&quot;1&quot;:2,&quot;2&quot;:0,&quot;5&quot;:[null,2,0]},{&quot;1&quot;:0,&quot;2&quot;:0,&quot;3&quot;:3},{&quot;1&quot;:1,&quot;2&quot;:0,&quot;4&quot;:1}]},&quot;6&quot;:{&quot;1&quot;:[{&quot;1&quot;:2,&quot;2&quot;:0,&quot;5&quot;:[null,2,0]},{&quot;1&quot;:0,&quot;2&quot;:0,&quot;3&quot;:3},{&quot;1&quot;:1,&quot;2&quot;:0,&quot;4&quot;:1}]},&quot;7&quot;:{&quot;1&quot;:[{&quot;1&quot;:2,&quot;2&quot;:0,&quot;5&quot;:[null,2,0]},{&quot;1&quot;:0,&quot;2&quot;:0,&quot;3&quot;:3},{&quot;1&quot;:1,&quot;2&quot;:0,&quot;4&quot;:1}]},&quot;8&quot;:{&quot;1&quot;:[{&quot;1&quot;:2,&quot;2&quot;:0,&quot;5&quot;:[null,2,0]},{&quot;1&quot;:0,&quot;2&quot;:0,&quot;3&quot;:3},{&quot;1&quot;:1,&quot;2&quot;:0,&quot;4&quot;:1}]},&quot;9&quot;:0,&quot;10&quot;:1,&quot;11&quot;:4,&quot;14&quot;:[null,2,0],&quot;15&quot;:&quot;Calibri&quot;,&quot;16&quot;:11}\">\u00a0 \u00a0 \u00a0 \u00a0<\/span><\/strong><\/p>\n<ul>\n<li><strong>DIMENSIONS:<\/strong> 157 x 72 x 126 cm (unfolded); 90 x 76 x 137 cm<\/li>\n<li><strong>RUNNING SURFACE:<\/strong> 130 x 45 cm<\/li>\n<li><strong>MAXIMUM USER WEIGHT:<\/strong> 110 kg<\/li>\n<li><strong>SPEED:<\/strong> 14 km\/h<\/li>\n<li><strong>INCLINE:<\/strong> 2-position manual<\/li>\n<li><strong>DISPLAY LED<\/strong> with HD speakers<\/li>\n<li><strong>PROGRAMMES:<\/strong> 12<\/li>\n<li><strong>HOURS OF USE:<\/strong> 10 hours \/ week<\/li>\n<li><strong>MOTOR:<\/strong> 2 HP DC<\/li>\n<li><strong>SHOCK-ABSORBING SYSTEM:<\/strong> SHOCKS\u00ae System 6 cushioning levels<\/li>\n<li><strong>MAT:<\/strong> Grosor de 1.5 mm, autolubricado<\/li>\n<li><strong>ASSEMBLY PROCESSES:<\/strong> Plug&amp;Train<\/li>\n<li><strong>ELECTRICAL REQUIREMENTS:<\/strong> AC 220-240V\/50Hz<\/li>\n<li><strong>TAPESTRY SIZE:<\/strong>\u00a0126&#215;45 cm<\/li>\n<\/ul>\n<ul>\n<li><strong>REGULAR USE:<\/strong>\u00a07 HOURS<\/li>\n<\/ul>\n<h3><strong>More Information<\/strong><\/h3>\n<div id=\"additional\" class=\"data item content\" role=\"tabpanel\" aria-labelledby=\"tab-label-additional\" data-role=\"content\" aria-hidden=\"false\">\n<div class=\"additional-attributes-wrapper table-wrapper\">\n<table id=\"product-attribute-specs-table\" class=\"data table additional-attributes\">\n<caption class=\"table-caption\">\u00a0<\/caption>\n<tbody>\n<tr>\n<th class=\"col label\" scope=\"row\">GTIN\/EAN<\/th>\n<td class=\"col data\" data-th=\"GTIN\/EAN\">8436555502591<\/td>\n<\/tr>\n<tr>\n<th class=\"col label\" scope=\"row\">Model Name<\/th>\n<td class=\"col data\" data-th=\"Model Name\">DT14<\/td>\n<\/tr>\n<tr>\n<th class=\"col label\" scope=\"row\">Foldable<\/th>\n<td class=\"col data\" data-th=\"Foldable\">Yes<\/td>\n<\/tr>\n<tr>\n<th class=\"col label\" scope=\"row\">Maximum Speed (Km\/h)<\/th>\n<td class=\"col data\" data-th=\"Maximum Speed (Km\/h)\">14 km\/h<\/td>\n<\/tr>\n<tr>\n<th class=\"col label\" scope=\"row\">Deck Wide<\/th>\n<td class=\"col data\" data-th=\"Deck Wide\">45cm<\/td>\n<\/tr>\n<tr>\n<th class=\"col label\" scope=\"row\">Running Surface<\/th>\n<td class=\"col data\" data-th=\"Running Surface\">130 x 45 cm<\/td>\n<\/tr>\n<tr>\n<th class=\"col label\" scope=\"row\">Maximum User Weight (KG)<\/th>\n<td class=\"col data\" data-th=\"Maximum User Weight (KG)\">101 &#8211; 120 Kg<\/td>\n<\/tr>\n<tr>\n<th class=\"col label\" scope=\"row\">Usage<\/th>\n<td class=\"col data\" data-th=\"Usage\">Domestic<\/td>\n<\/tr>\n<tr>\n<th class=\"col label\" scope=\"row\">Interactivity<\/th>\n<td class=\"col data\" data-th=\"Interactivity\">Basic Console<\/td>\n<\/tr>\n<\/tbody>\n<\/table>\n<\/div>\n<\/div>\n","protected":false},"excerpt":{"rendered":"<h4><strong><span data-sheets-value=\"{&quot;1&quot;:2,&quot;2&quot;:&quot;Todas las m\u00e1quinas Bodytone han sido dise\u00f1adas con las mismas caracter\u00edsticas de la gama cardio desarrollada para el gimnasio y utilizada por los campeones ol\u00edmpicos. Lo que significa mayor seguridad, menos mantenimiento y la garant\u00eda de que has elegido un producto de calidad que te ayudar\u00e1 a lograr tus objetivos sin poner en juego tu coraz\u00f3n.&quot;}\" data-sheets-userformat=\"{&quot;2&quot;:14844,&quot;5&quot;:{&quot;1&quot;:[{&quot;1&quot;:2,&quot;2&quot;:0,&quot;5&quot;:[null,2,0]},{&quot;1&quot;:0,&quot;2&quot;:0,&quot;3&quot;:3},{&quot;1&quot;:1,&quot;2&quot;:0,&quot;4&quot;:1}]},&quot;6&quot;:{&quot;1&quot;:[{&quot;1&quot;:2,&quot;2&quot;:0,&quot;5&quot;:[null,2,0]},{&quot;1&quot;:0,&quot;2&quot;:0,&quot;3&quot;:3},{&quot;1&quot;:1,&quot;2&quot;:0,&quot;4&quot;:1}]},&quot;7&quot;:{&quot;1&quot;:[{&quot;1&quot;:2,&quot;2&quot;:0,&quot;5&quot;:[null,2,0]},{&quot;1&quot;:0,&quot;2&quot;:0,&quot;3&quot;:3},{&quot;1&quot;:1,&quot;2&quot;:0,&quot;4&quot;:1}]},&quot;8&quot;:{&quot;1&quot;:[{&quot;1&quot;:2,&quot;2&quot;:0,&quot;5&quot;:[null,2,0]},{&quot;1&quot;:0,&quot;2&quot;:0,&quot;3&quot;:3},{&quot;1&quot;:1,&quot;2&quot;:0,&quot;4&quot;:1}]},&quot;9&quot;:0,&quot;10&quot;:0,&quot;11&quot;:4,&quot;14&quot;:[null,2,0],&quot;15&quot;:&quot;Calibri&quot;,&quot;16&quot;:11}\">Bodytone DT14 Treadmill<\/span><\/strong><\/h4>\n<p>Enjoy running at home with the\u00a0<strong>DT-14 treadmill from BODYTONE HOME.<\/strong>\u00a0This treadmill has a large number of functionalities with which you\u00a0<strong>will maximize your workouts<\/strong>\u00a0thanks to the engineering of professional treadmills.<\/p>\n<p><strong>DT-14<\/strong>\u00a0is the treadmill that best combines the\u00a0<strong>maximum performance with an attractive design.<\/strong><\/p>\n","protected":false},"featured_media":9725,"comment_status":"open","ping_status":"closed","template":"","meta":[],"product_brand":[],"product_cat":[82],"product_tag":[],"class_list":{"0":"post-9717","1":"product","2":"type-product","3":"status-publish","4":"has-post-thumbnail","6":"product_cat-bodytone","8":"first","9":"instock","10":"sale","11":"shipping-taxable","12":"purchasable","13":"product-type-simple"},"yoast_head":"<!-- This site is optimized with the Yoast SEO plugin v27.4 - https:\/\/yoast.com\/product\/yoast-seo-wordpress\/ -->\n<title>Bodytone DT14 Treadmill - Gysm Pro is UK&#039;s No 1 For Home Fitness Store<\/title>\n<meta name=\"robots\" content=\"index, follow, max-snippet:-1, max-image-preview:large, max-video-preview:-1\" \/>\n<link rel=\"canonical\" href=\"https:\/\/gymspro.co.uk\/index.php\/product\/bodytone-dt14-treadmill\/\" \/>\n<meta property=\"og:locale\" content=\"en_US\" \/>\n<meta property=\"og:type\" content=\"article\" \/>\n<meta property=\"og:title\" content=\"Bodytone DT14 Treadmill - Gysm Pro is UK&#039;s No 1 For Home Fitness Store\" \/>\n<meta property=\"og:description\" content=\"Bodytone DT14 Treadmill Enjoy running at home with the\u00a0DT-14 treadmill from BODYTONE HOME.\u00a0This treadmill has a large number of functionalities with which you\u00a0will maximize your workouts\u00a0thanks to the engineering of professional treadmills.  DT-14\u00a0is the treadmill that best combines the\u00a0maximum performance with an attractive design.\" \/>\n<meta property=\"og:url\" content=\"https:\/\/gymspro.co.uk\/index.php\/product\/bodytone-dt14-treadmill\/\" \/>\n<meta property=\"og:site_name\" content=\"Gysm Pro is UK&#039;s No 1 For Home Fitness Store\" \/>\n<meta property=\"article:modified_time\" content=\"2026-02-16T14:50:58+00:00\" \/>\n<meta property=\"og:image\" content=\"http:\/\/gymspro.co.uk\/wp-content\/uploads\/2024\/01\/GYMSWORLD-21.png\" \/>\n\t<meta property=\"og:image:width\" content=\"500\" \/>\n\t<meta property=\"og:image:height\" content=\"500\" \/>\n\t<meta property=\"og:image:type\" content=\"image\/png\" \/>\n<meta name=\"twitter:card\" content=\"summary_large_image\" \/>\n<meta name=\"twitter:label1\" content=\"Est. reading time\" \/>\n\t<meta name=\"twitter:data1\" content=\"1 minute\" \/>\n<script type=\"application\/ld+json\" class=\"yoast-schema-graph\">{\"@context\":\"https:\\\/\\\/schema.org\",\"@graph\":[{\"@type\":\"WebPage\",\"@id\":\"https:\\\/\\\/gymspro.co.uk\\\/index.php\\\/product\\\/bodytone-dt14-treadmill\\\/\",\"url\":\"https:\\\/\\\/gymspro.co.uk\\\/index.php\\\/product\\\/bodytone-dt14-treadmill\\\/\",\"name\":\"Bodytone DT14 Treadmill - Gysm Pro is UK&#039;s No 1 For Home Fitness Store\",\"isPartOf\":{\"@id\":\"https:\\\/\\\/gymspro.co.uk\\\/#website\"},\"primaryImageOfPage\":{\"@id\":\"https:\\\/\\\/gymspro.co.uk\\\/index.php\\\/product\\\/bodytone-dt14-treadmill\\\/#primaryimage\"},\"image\":{\"@id\":\"https:\\\/\\\/gymspro.co.uk\\\/index.php\\\/product\\\/bodytone-dt14-treadmill\\\/#primaryimage\"},\"thumbnailUrl\":\"https:\\\/\\\/gymspro.co.uk\\\/wp-content\\\/uploads\\\/2024\\\/01\\\/GYMSWORLD-21.png\",\"datePublished\":\"2024-01-03T13:30:41+00:00\",\"dateModified\":\"2026-02-16T14:50:58+00:00\",\"breadcrumb\":{\"@id\":\"https:\\\/\\\/gymspro.co.uk\\\/index.php\\\/product\\\/bodytone-dt14-treadmill\\\/#breadcrumb\"},\"inLanguage\":\"en-US\",\"potentialAction\":[{\"@type\":\"ReadAction\",\"target\":[\"https:\\\/\\\/gymspro.co.uk\\\/index.php\\\/product\\\/bodytone-dt14-treadmill\\\/\"]}]},{\"@type\":\"ImageObject\",\"inLanguage\":\"en-US\",\"@id\":\"https:\\\/\\\/gymspro.co.uk\\\/index.php\\\/product\\\/bodytone-dt14-treadmill\\\/#primaryimage\",\"url\":\"https:\\\/\\\/gymspro.co.uk\\\/wp-content\\\/uploads\\\/2024\\\/01\\\/GYMSWORLD-21.png\",\"contentUrl\":\"https:\\\/\\\/gymspro.co.uk\\\/wp-content\\\/uploads\\\/2024\\\/01\\\/GYMSWORLD-21.png\",\"width\":500,\"height\":500},{\"@type\":\"BreadcrumbList\",\"@id\":\"https:\\\/\\\/gymspro.co.uk\\\/index.php\\\/product\\\/bodytone-dt14-treadmill\\\/#breadcrumb\",\"itemListElement\":[{\"@type\":\"ListItem\",\"position\":1,\"name\":\"Home\",\"item\":\"https:\\\/\\\/gymspro.co.uk\\\/\"},{\"@type\":\"ListItem\",\"position\":2,\"name\":\"Products\",\"item\":\"https:\\\/\\\/gymspro.co.uk\\\/index.php\\\/shop\\\/\"},{\"@type\":\"ListItem\",\"position\":3,\"name\":\"Bodytone DT14 Treadmill\"}]},{\"@type\":\"WebSite\",\"@id\":\"https:\\\/\\\/gymspro.co.uk\\\/#website\",\"url\":\"https:\\\/\\\/gymspro.co.uk\\\/\",\"name\":\"Gysm Pro is UK&#039;s No 1 For Home Fitness Store\",\"description\":\"Gyms Pro is the UK&#039;s number one for home fitness.\",\"potentialAction\":[{\"@type\":\"SearchAction\",\"target\":{\"@type\":\"EntryPoint\",\"urlTemplate\":\"https:\\\/\\\/gymspro.co.uk\\\/?s={search_term_string}\"},\"query-input\":{\"@type\":\"PropertyValueSpecification\",\"valueRequired\":true,\"valueName\":\"search_term_string\"}}],\"inLanguage\":\"en-US\"}]}<\/script>\n<!-- \/ Yoast SEO plugin. -->","yoast_head_json":{"title":"Bodytone DT14 Treadmill - Gysm Pro is UK&#039;s No 1 For Home Fitness Store","robots":{"index":"index","follow":"follow","max-snippet":"max-snippet:-1","max-image-preview":"max-image-preview:large","max-video-preview":"max-video-preview:-1"},"canonical":"https:\/\/gymspro.co.uk\/index.php\/product\/bodytone-dt14-treadmill\/","og_locale":"en_US","og_type":"article","og_title":"Bodytone DT14 Treadmill - Gysm Pro is UK&#039;s No 1 For Home Fitness Store","og_description":"Bodytone DT14 Treadmill Enjoy running at home with the\u00a0DT-14 treadmill from BODYTONE HOME.\u00a0This treadmill has a large number of functionalities with which you\u00a0will maximize your workouts\u00a0thanks to the engineering of professional treadmills.  DT-14\u00a0is the treadmill that best combines the\u00a0maximum performance with an attractive design.","og_url":"https:\/\/gymspro.co.uk\/index.php\/product\/bodytone-dt14-treadmill\/","og_site_name":"Gysm Pro is UK&#039;s No 1 For Home Fitness Store","article_modified_time":"2026-02-16T14:50:58+00:00","og_image":[{"width":500,"height":500,"url":"http:\/\/gymspro.co.uk\/wp-content\/uploads\/2024\/01\/GYMSWORLD-21.png","type":"image\/png"}],"twitter_card":"summary_large_image","twitter_misc":{"Est. reading time":"1 minute"},"schema":{"@context":"https:\/\/schema.org","@graph":[{"@type":"WebPage","@id":"https:\/\/gymspro.co.uk\/index.php\/product\/bodytone-dt14-treadmill\/","url":"https:\/\/gymspro.co.uk\/index.php\/product\/bodytone-dt14-treadmill\/","name":"Bodytone DT14 Treadmill - Gysm Pro is UK&#039;s No 1 For Home Fitness Store","isPartOf":{"@id":"https:\/\/gymspro.co.uk\/#website"},"primaryImageOfPage":{"@id":"https:\/\/gymspro.co.uk\/index.php\/product\/bodytone-dt14-treadmill\/#primaryimage"},"image":{"@id":"https:\/\/gymspro.co.uk\/index.php\/product\/bodytone-dt14-treadmill\/#primaryimage"},"thumbnailUrl":"https:\/\/gymspro.co.uk\/wp-content\/uploads\/2024\/01\/GYMSWORLD-21.png","datePublished":"2024-01-03T13:30:41+00:00","dateModified":"2026-02-16T14:50:58+00:00","breadcrumb":{"@id":"https:\/\/gymspro.co.uk\/index.php\/product\/bodytone-dt14-treadmill\/#breadcrumb"},"inLanguage":"en-US","potentialAction":[{"@type":"ReadAction","target":["https:\/\/gymspro.co.uk\/index.php\/product\/bodytone-dt14-treadmill\/"]}]},{"@type":"ImageObject","inLanguage":"en-US","@id":"https:\/\/gymspro.co.uk\/index.php\/product\/bodytone-dt14-treadmill\/#primaryimage","url":"https:\/\/gymspro.co.uk\/wp-content\/uploads\/2024\/01\/GYMSWORLD-21.png","contentUrl":"https:\/\/gymspro.co.uk\/wp-content\/uploads\/2024\/01\/GYMSWORLD-21.png","width":500,"height":500},{"@type":"BreadcrumbList","@id":"https:\/\/gymspro.co.uk\/index.php\/product\/bodytone-dt14-treadmill\/#breadcrumb","itemListElement":[{"@type":"ListItem","position":1,"name":"Home","item":"https:\/\/gymspro.co.uk\/"},{"@type":"ListItem","position":2,"name":"Products","item":"https:\/\/gymspro.co.uk\/index.php\/shop\/"},{"@type":"ListItem","position":3,"name":"Bodytone DT14 Treadmill"}]},{"@type":"WebSite","@id":"https:\/\/gymspro.co.uk\/#website","url":"https:\/\/gymspro.co.uk\/","name":"Gysm Pro is UK&#039;s No 1 For Home Fitness Store","description":"Gyms Pro is the UK&#039;s number one for home fitness.","potentialAction":[{"@type":"SearchAction","target":{"@type":"EntryPoint","urlTemplate":"https:\/\/gymspro.co.uk\/?s={search_term_string}"},"query-input":{"@type":"PropertyValueSpecification","valueRequired":true,"valueName":"search_term_string"}}],"inLanguage":"en-US"}]}},"_links":{"self":[{"href":"https:\/\/gymspro.co.uk\/index.php\/wp-json\/wp\/v2\/product\/9717","targetHints":{"allow":["GET"]}}],"collection":[{"href":"https:\/\/gymspro.co.uk\/index.php\/wp-json\/wp\/v2\/product"}],"about":[{"href":"https:\/\/gymspro.co.uk\/index.php\/wp-json\/wp\/v2\/types\/product"}],"replies":[{"embeddable":true,"href":"https:\/\/gymspro.co.uk\/index.php\/wp-json\/wp\/v2\/comments?post=9717"}],"version-history":[{"count":1,"href":"https:\/\/gymspro.co.uk\/index.php\/wp-json\/wp\/v2\/product\/9717\/revisions"}],"predecessor-version":[{"id":9733,"href":"https:\/\/gymspro.co.uk\/index.php\/wp-json\/wp\/v2\/product\/9717\/revisions\/9733"}],"wp:featuredmedia":[{"embeddable":true,"href":"https:\/\/gymspro.co.uk\/index.php\/wp-json\/wp\/v2\/media\/9725"}],"wp:attachment":[{"href":"https:\/\/gymspro.co.uk\/index.php\/wp-json\/wp\/v2\/media?parent=9717"}],"wp:term":[{"taxonomy":"product_brand","embeddable":true,"href":"https:\/\/gymspro.co.uk\/index.php\/wp-json\/wp\/v2\/product_brand?post=9717"},{"taxonomy":"product_cat","embeddable":true,"href":"https:\/\/gymspro.co.uk\/index.php\/wp-json\/wp\/v2\/product_cat?post=9717"},{"taxonomy":"product_tag","embeddable":true,"href":"https:\/\/gymspro.co.uk\/index.php\/wp-json\/wp\/v2\/product_tag?post=9717"}],"curies":[{"name":"wp","href":"https:\/\/api.w.org\/{rel}","templated":true}]}}